{"id":131,"date":"2015-06-04T07:41:30","date_gmt":"2015-06-04T06:41:30","guid":{"rendered":"http:\/\/wizard-business.beantownthemes.com\/?page_id=131"},"modified":"2023-08-15T11:05:03","modified_gmt":"2023-08-15T09:05:03","slug":"transport-und-dienstleistungen","status":"publish","type":"page","link":"https:\/\/viptruck.de\/en\/transport-und-dienstleistungen\/","title":{"rendered":"Transportation and services"},"content":{"rendered":"<section class=\"wpb-content-wrapper\"><div id=\"transport-und-dienstleistungen\" class=\"vc_row wpb_row vc_row-fluid textteasercolorlight\"><div class=\"wpb_column vc_column_container vc_col-sm-6\"><div class=\"vc_column-inner\"><div class=\"wpb_wrapper\">\n\t<div  class=\"wpb_single_image wpb_content_element vc_align_left  wpb_animate_when_almost_visible wpb_fadeInRight fadeInRight vc_custom_1692090190062\">\n\t\t\n\t\t<figure class=\"wpb_wrapper vc_figure\">\n\t\t\t<div class=\"vc_single_image-wrapper   vc_box_border_grey\"><img width=\"1366\" height=\"900\" src=\"https:\/\/viptruck.de\/wp-content\/uploads\/2023\/08\/transport-dienstleistungen_teaser.png\" class=\"vc_single_image-img attachment-full\" alt=\"\" decoding=\"async\" title=\"transport-dienstleistungen_teaser\" loading=\"lazy\" srcset=\"https:\/\/viptruck.de\/wp-content\/uploads\/2023\/08\/transport-dienstleistungen_teaser.png 1366w, https:\/\/viptruck.de\/wp-content\/uploads\/2023\/08\/transport-dienstleistungen_teaser-300x198.png 300w, https:\/\/viptruck.de\/wp-content\/uploads\/2023\/08\/transport-dienstleistungen_teaser-1024x675.png 1024w, https:\/\/viptruck.de\/wp-content\/uploads\/2023\/08\/transport-dienstleistungen_teaser-768x506.png 768w\" sizes=\"(max-width: 1366px) 100vw, 1366px\" \/><\/div>\n\t\t<\/figure>\n\t<\/div>\n<\/div><\/div><\/div><div class=\"wpb_column vc_column_container vc_col-sm-6\"><div class=\"vc_column-inner\"><div class=\"wpb_wrapper\">\n\t<div class=\"wpb_text_column wpb_content_element  vc_custom_1692089235107\" >\n\t\t<div class=\"wpb_wrapper\">\n\t\t\t<h2 class=\"page-subtitle\" style=\"font-size: 1.5em;\"><strong>Transportation and services<br \/>\n<\/strong><\/h2>\n\n\t\t<\/div>\n\t<\/div>\n\n\t<div class=\"wpb_text_column wpb_content_element  vc_custom_1692090299843\" >\n\t\t<div class=\"wpb_wrapper\">\n\t\t\t<p class=\"h2_head\"><strong>VIP Truck GmbH &#8211; Ihr Experte als internationale Spedition direkt am Flughafen Frankfurt am Main<\/strong><\/p>\n<p>We are your professional transport and service company for air freight forwarders and airlines! Our team will be happy to take care of your transportation, storage and other services related to air cargo.<\/p>\n<p>Since January 2023, in addition to our air freight transports, we also offer you transports by road. \ud83d\ude9a\ud83d\ude9a\ud83d\ude9a<br \/>\nBenefit from an experienced, reliable team and utmost commitment.<\/p>\n<p><strong>Our Road-Services<\/strong><br \/>\n\u2714\ufe0fPartial and full loads Air freight substitute traffic<br \/>\n\u2714\ufe0fDedicated Truck Solution<br \/>\n\u2714\ufe0fCourier services<br \/>\n\u2714\ufe0fTemperature controlled transports<br \/>\n\u2714\ufe0f Europe-wide network for transports<br \/>\n\u2714\ufe0f Accessibility 24\/7<br \/>\n\u2714\ufe0f Modern scheduling system with connection to the customer<\/p>\n<p>We look forward to your questions and bookings. Contact us at any time at: <a href=\"tel: 496912000300\">+49 69 12000 300<\/a> or via our <a href=\"#kontakt\">Contact form<\/a>.<\/p>\n\n\t\t<\/div>\n\t<\/div>\n<\/div><\/div><\/div><\/div>\n<\/section>","protected":false},"excerpt":{"rendered":"Transport- und Dienstleistungen VIP Truck GmbH - Ihr Experte als internationale Spedition direkt am Flughafen Frankfurt am Main Wir sind Ihr professionelles Transport- und Dienstleistungsunternehmen f\u00fcr Luftfrachtspediteure und Fluggesellschaften! Unser <a href='https:\/\/viptruck.de\/en\/transport-und-dienstleistungen\/' title='read more!'>...<\/a>","protected":false},"author":2,"featured_media":0,"parent":0,"menu_order":0,"comment_status":"closed","ping_status":"closed","template":"","meta":{"footnotes":""},"yoast_head":"<!-- This site is optimized with the Yoast SEO plugin v21.0 - https:\/\/yoast.com\/wordpress\/plugins\/seo\/ -->\n<title>Transport- und Dienstleistungen - VIP Truck: Internationale Spedition<\/title>\n<meta name=\"description\" content=\"Wir sind Ihr professionelles Transport- und Dienstleistungsunternehmen f\u00fcr Luftfrachtspediteure und Fluggesellschaften und f\u00fcr den Transport auf der Stra\u00dfe!\" \/>\n<meta name=\"robots\" content=\"index, follow, max-snippet:-1, max-image-preview:large, max-video-preview:-1\" \/>\n<link rel=\"canonical\" href=\"https:\/\/viptruck.de\/en\/transport-und-dienstleistungen\/\" \/>\n<meta property=\"og:locale\" content=\"en_US\" \/>\n<meta property=\"og:type\" content=\"article\" \/>\n<meta property=\"og:title\" content=\"Transport- und Dienstleistungen - VIP Truck: Internationale Spedition\" \/>\n<meta property=\"og:description\" content=\"Wir sind Ihr professionelles Transport- und Dienstleistungsunternehmen f\u00fcr Luftfrachtspediteure und Fluggesellschaften und f\u00fcr den Transport auf der Stra\u00dfe!\" \/>\n<meta property=\"og:url\" content=\"https:\/\/viptruck.de\/en\/transport-und-dienstleistungen\/\" \/>\n<meta property=\"og:site_name\" content=\"VIP Truck: Internationale Spedition\" \/>\n<meta property=\"article:modified_time\" content=\"2023-08-15T09:05:03+00:00\" \/>\n<meta name=\"twitter:card\" content=\"summary_large_image\" \/>\n<meta name=\"twitter:label1\" content=\"Est. reading time\" \/>\n\t<meta name=\"twitter:data1\" content=\"1 minute\" \/>\n<script type=\"application\/ld+json\" class=\"yoast-schema-graph\">{\"@context\":\"https:\/\/schema.org\",\"@graph\":[{\"@type\":\"WebPage\",\"@id\":\"https:\/\/viptruck.de\/transport-und-dienstleistungen\/\",\"url\":\"https:\/\/viptruck.de\/transport-und-dienstleistungen\/\",\"name\":\"Transport- und Dienstleistungen - VIP Truck: Internationale Spedition\",\"isPartOf\":{\"@id\":\"https:\/\/viptruck.de\/#website\"},\"datePublished\":\"2015-06-04T06:41:30+00:00\",\"dateModified\":\"2023-08-15T09:05:03+00:00\",\"description\":\"Wir sind Ihr professionelles Transport- und Dienstleistungsunternehmen f\u00fcr Luftfrachtspediteure und Fluggesellschaften und f\u00fcr den Transport auf der Stra\u00dfe!\",\"breadcrumb\":{\"@id\":\"https:\/\/viptruck.de\/transport-und-dienstleistungen\/#breadcrumb\"},\"inLanguage\":\"en-US\",\"potentialAction\":[{\"@type\":\"ReadAction\",\"target\":[\"https:\/\/viptruck.de\/transport-und-dienstleistungen\/\"]}]},{\"@type\":\"BreadcrumbList\",\"@id\":\"https:\/\/viptruck.de\/transport-und-dienstleistungen\/#breadcrumb\",\"itemListElement\":[{\"@type\":\"ListItem\",\"position\":1,\"name\":\"Startseite\",\"item\":\"https:\/\/viptruck.de\/\"},{\"@type\":\"ListItem\",\"position\":2,\"name\":\"Transport- und Dienstleistungen\"}]},{\"@type\":\"WebSite\",\"@id\":\"https:\/\/viptruck.de\/#website\",\"url\":\"https:\/\/viptruck.de\/\",\"name\":\"VIP Truck: Internationale Spedition\",\"description\":\"Internationale Spedition\",\"publisher\":{\"@id\":\"https:\/\/viptruck.de\/#organization\"},\"potentialAction\":[{\"@type\":\"SearchAction\",\"target\":{\"@type\":\"EntryPoint\",\"urlTemplate\":\"https:\/\/viptruck.de\/?s={search_term_string}\"},\"query-input\":\"required name=search_term_string\"}],\"inLanguage\":\"en-US\"},{\"@type\":\"Organization\",\"@id\":\"https:\/\/viptruck.de\/#organization\",\"name\":\"VIP Truck GmbH\",\"url\":\"https:\/\/viptruck.de\/\",\"logo\":{\"@type\":\"ImageObject\",\"inLanguage\":\"en-US\",\"@id\":\"https:\/\/viptruck.de\/#\/schema\/logo\/image\/\",\"url\":\"https:\/\/viptruck.de\/wp-content\/uploads\/2020\/02\/VIPTruckGmbH_Logo_500x500px.png\",\"contentUrl\":\"https:\/\/viptruck.de\/wp-content\/uploads\/2020\/02\/VIPTruckGmbH_Logo_500x500px.png\",\"width\":500,\"height\":500,\"caption\":\"VIP Truck GmbH\"},\"image\":{\"@id\":\"https:\/\/viptruck.de\/#\/schema\/logo\/image\/\"}}]}<\/script>\n<!-- \/ Yoast SEO plugin. -->","yoast_head_json":{"title":"Transport- und Dienstleistungen - VIP Truck: Internationale Spedition","description":"Wir sind Ihr professionelles Transport- und Dienstleistungsunternehmen f\u00fcr Luftfrachtspediteure und Fluggesellschaften und f\u00fcr den Transport auf der Stra\u00dfe!","robots":{"index":"index","follow":"follow","max-snippet":"max-snippet:-1","max-image-preview":"max-image-preview:large","max-video-preview":"max-video-preview:-1"},"canonical":"https:\/\/viptruck.de\/en\/transport-und-dienstleistungen\/","og_locale":"en_US","og_type":"article","og_title":"Transport- und Dienstleistungen - VIP Truck: Internationale Spedition","og_description":"Wir sind Ihr professionelles Transport- und Dienstleistungsunternehmen f\u00fcr Luftfrachtspediteure und Fluggesellschaften und f\u00fcr den Transport auf der Stra\u00dfe!","og_url":"https:\/\/viptruck.de\/en\/transport-und-dienstleistungen\/","og_site_name":"VIP Truck: Internationale Spedition","article_modified_time":"2023-08-15T09:05:03+00:00","twitter_card":"summary_large_image","twitter_misc":{"Est. reading time":"1 minute"},"schema":{"@context":"https:\/\/schema.org","@graph":[{"@type":"WebPage","@id":"https:\/\/viptruck.de\/transport-und-dienstleistungen\/","url":"https:\/\/viptruck.de\/transport-und-dienstleistungen\/","name":"Transport- und Dienstleistungen - VIP Truck: Internationale Spedition","isPartOf":{"@id":"https:\/\/viptruck.de\/#website"},"datePublished":"2015-06-04T06:41:30+00:00","dateModified":"2023-08-15T09:05:03+00:00","description":"Wir sind Ihr professionelles Transport- und Dienstleistungsunternehmen f\u00fcr Luftfrachtspediteure und Fluggesellschaften und f\u00fcr den Transport auf der Stra\u00dfe!","breadcrumb":{"@id":"https:\/\/viptruck.de\/transport-und-dienstleistungen\/#breadcrumb"},"inLanguage":"en-US","potentialAction":[{"@type":"ReadAction","target":["https:\/\/viptruck.de\/transport-und-dienstleistungen\/"]}]},{"@type":"BreadcrumbList","@id":"https:\/\/viptruck.de\/transport-und-dienstleistungen\/#breadcrumb","itemListElement":[{"@type":"ListItem","position":1,"name":"Startseite","item":"https:\/\/viptruck.de\/"},{"@type":"ListItem","position":2,"name":"Transport- und Dienstleistungen"}]},{"@type":"WebSite","@id":"https:\/\/viptruck.de\/#website","url":"https:\/\/viptruck.de\/","name":"VIP Truck: Internationale Spedition","description":"Internationale Spedition","publisher":{"@id":"https:\/\/viptruck.de\/#organization"},"potentialAction":[{"@type":"SearchAction","target":{"@type":"EntryPoint","urlTemplate":"https:\/\/viptruck.de\/?s={search_term_string}"},"query-input":"required name=search_term_string"}],"inLanguage":"en-US"},{"@type":"Organization","@id":"https:\/\/viptruck.de\/#organization","name":"VIP Truck GmbH","url":"https:\/\/viptruck.de\/","logo":{"@type":"ImageObject","inLanguage":"en-US","@id":"https:\/\/viptruck.de\/#\/schema\/logo\/image\/","url":"https:\/\/viptruck.de\/wp-content\/uploads\/2020\/02\/VIPTruckGmbH_Logo_500x500px.png","contentUrl":"https:\/\/viptruck.de\/wp-content\/uploads\/2020\/02\/VIPTruckGmbH_Logo_500x500px.png","width":500,"height":500,"caption":"VIP Truck GmbH"},"image":{"@id":"https:\/\/viptruck.de\/#\/schema\/logo\/image\/"}}]}},"_links":{"self":[{"href":"https:\/\/viptruck.de\/en\/wp-json\/wp\/v2\/pages\/131"}],"collection":[{"href":"https:\/\/viptruck.de\/en\/wp-json\/wp\/v2\/pages"}],"about":[{"href":"https:\/\/viptruck.de\/en\/wp-json\/wp\/v2\/types\/page"}],"author":[{"embeddable":true,"href":"https:\/\/viptruck.de\/en\/wp-json\/wp\/v2\/users\/2"}],"replies":[{"embeddable":true,"href":"https:\/\/viptruck.de\/en\/wp-json\/wp\/v2\/comments?post=131"}],"version-history":[{"count":80,"href":"https:\/\/viptruck.de\/en\/wp-json\/wp\/v2\/pages\/131\/revisions"}],"predecessor-version":[{"id":2439,"href":"https:\/\/viptruck.de\/en\/wp-json\/wp\/v2\/pages\/131\/revisions\/2439"}],"wp:attachment":[{"href":"https:\/\/viptruck.de\/en\/wp-json\/wp\/v2\/media?parent=131"}],"curies":[{"name":"wp","href":"https:\/\/api.w.org\/{rel}","templated":true}]}}