{"id":554,"date":"2020-04-20T21:22:00","date_gmt":"2020-04-20T20:22:00","guid":{"rendered":"https:\/\/viptruck\/?page_id=554"},"modified":"2023-08-17T20:55:31","modified_gmt":"2023-08-17T18:55:31","slug":"impressum","status":"publish","type":"page","link":"https:\/\/viptruck.de\/en\/impressum\/","title":{"rendered":"Imprint"},"content":{"rendered":"<section class=\"wpb-content-wrapper\"><div class=\"vc_row wpb_row vc_row-fluid\"><div class=\"wpb_column vc_column_container vc_col-sm-12\"><div class=\"vc_column-inner\"><div class=\"wpb_wrapper\">\n\t<div class=\"wpb_text_column wpb_content_element\" >\n\t\t<div class=\"wpb_wrapper\">\n\t\t\t<h2>VIP Truck GmbH<\/h2>\n<p><strong>Postal address:<\/strong><br \/>\nVIP Truck GmbH<br \/>\nCargo City S\u00fcd 537 G<br \/>\n60549 Frankfurt am Main (Airport)<\/p>\n<p><strong>Executive Director\/Management Board:<\/strong>\u00a0Bilal Sahin<br \/>\n<strong>Internet:<\/strong>\u00a0<a href=\"https:\/\/viptruck.de\/en\/\">https:\/\/viptruck.de<\/a><br \/>\n<strong>Customer Service:\u00a0<\/strong><a href=\"mailto:kontakt@viptruck.de\">info@viptruck.de<\/a><br \/>\n<strong>Press inquiries:\u00a0<\/strong><a href=\"mailto:kontakt@viptruck.de\">info@viptruck.de<\/a><\/p>\n<p><strong>HRB Frankfurt Local Court:<\/strong> 129788<\/p>\n<p><strong>Tax number:<\/strong> 047 247 89389<\/p>\n<p><strong>Ust-id:<\/strong> DE358404560<\/p>\n<p><strong>Copyright:<\/strong><br \/>\nCopyright \u00a9 2023 VIP Truck GmbH<br \/>\nAll rights reserved.<br \/>\nAll texts, images, graphics, sound, video and animation files as well as arrangements are subject to copyright and intellectual property laws.<\/p>\n<p>Since February 15, 2016, the EU Commission has provided a platform for out-of-court dispute resolution. This gives consumers the opportunity to initially resolve disputes in connection with their online order without having to go to court. The dispute resolution platform is available under the external link\u00a0<a href=\"http:\/\/ec.europa.eu\/consumers\/odr\/\" target=\"_blank\" rel=\"noopener noreferrer\">http:\/\/ec.europa.eu\/consumers\/odr\/<\/a>\u00a0accessible.<\/p>\n\n\t\t<\/div>\n\t<\/div>\n<\/div><\/div><\/div><\/div>\n<\/section>","protected":false},"excerpt":{"rendered":"VIP Truck GmbH Postadresse: VIP Truck GmbH Cargo City S\u00fcd 537 G 60549 Frankfurt am Main (Flughafen) Gesch\u00e4ftsf\u00fchrer\/Management Board:\u00a0Bilal Sahin Internet:\u00a0https:\/\/viptruck.de Kundenservice:\u00a0info@viptruck.de Presseanfragen:\u00a0info@viptruck.de HRB Amtsgericht Frankfurt: 129788 Steuernummer: 047 247 <a href='https:\/\/viptruck.de\/en\/impressum\/' title='read more!'>...<\/a>","protected":false},"author":2,"featured_media":0,"parent":0,"menu_order":0,"comment_status":"closed","ping_status":"closed","template":"","meta":{"footnotes":""},"yoast_head":"<!-- This site is optimized with the Yoast SEO plugin v21.0 - https:\/\/yoast.com\/wordpress\/plugins\/seo\/ -->\n<title>Impressum - VIP Truck: Internationale Spedition<\/title>\n<meta name=\"description\" content=\"Finden Sie im Impressum Informationen zur internationalen Spedition &#039;VIP Truck&#039; mit Firmensitz am Flughafen FRA in Deutschland, Frankfurt am Main.\" \/>\n<meta name=\"robots\" content=\"index, follow, max-snippet:-1, max-image-preview:large, max-video-preview:-1\" \/>\n<link rel=\"canonical\" href=\"https:\/\/viptruck.de\/en\/impressum\/\" \/>\n<meta property=\"og:locale\" content=\"en_US\" \/>\n<meta property=\"og:type\" content=\"article\" \/>\n<meta property=\"og:title\" content=\"Impressum - VIP Truck: Internationale Spedition\" \/>\n<meta property=\"og:description\" content=\"Finden Sie im Impressum Informationen zur internationalen Spedition &#039;VIP Truck&#039; mit Firmensitz am Flughafen FRA in Deutschland, Frankfurt am Main.\" \/>\n<meta property=\"og:url\" content=\"https:\/\/viptruck.de\/en\/impressum\/\" \/>\n<meta property=\"og:site_name\" content=\"VIP Truck: Internationale Spedition\" \/>\n<meta property=\"article:modified_time\" content=\"2023-08-17T18:55:31+00:00\" \/>\n<meta name=\"twitter:card\" content=\"summary_large_image\" \/>\n<meta name=\"twitter:label1\" content=\"Est. reading time\" \/>\n\t<meta name=\"twitter:data1\" content=\"1 minute\" \/>\n<script type=\"application\/ld+json\" class=\"yoast-schema-graph\">{\"@context\":\"https:\/\/schema.org\",\"@graph\":[{\"@type\":\"WebPage\",\"@id\":\"https:\/\/viptruck.de\/impressum\/\",\"url\":\"https:\/\/viptruck.de\/impressum\/\",\"name\":\"Impressum - VIP Truck: Internationale Spedition\",\"isPartOf\":{\"@id\":\"https:\/\/viptruck.de\/#website\"},\"datePublished\":\"2020-04-20T20:22:00+00:00\",\"dateModified\":\"2023-08-17T18:55:31+00:00\",\"description\":\"Finden Sie im Impressum Informationen zur internationalen Spedition 'VIP Truck' mit Firmensitz am Flughafen FRA in Deutschland, Frankfurt am Main.\",\"breadcrumb\":{\"@id\":\"https:\/\/viptruck.de\/impressum\/#breadcrumb\"},\"inLanguage\":\"en-US\",\"potentialAction\":[{\"@type\":\"ReadAction\",\"target\":[\"https:\/\/viptruck.de\/impressum\/\"]}]},{\"@type\":\"BreadcrumbList\",\"@id\":\"https:\/\/viptruck.de\/impressum\/#breadcrumb\",\"itemListElement\":[{\"@type\":\"ListItem\",\"position\":1,\"name\":\"Startseite\",\"item\":\"https:\/\/viptruck.de\/\"},{\"@type\":\"ListItem\",\"position\":2,\"name\":\"Impressum\"}]},{\"@type\":\"WebSite\",\"@id\":\"https:\/\/viptruck.de\/#website\",\"url\":\"https:\/\/viptruck.de\/\",\"name\":\"VIP Truck: Internationale Spedition\",\"description\":\"Internationale Spedition\",\"publisher\":{\"@id\":\"https:\/\/viptruck.de\/#organization\"},\"potentialAction\":[{\"@type\":\"SearchAction\",\"target\":{\"@type\":\"EntryPoint\",\"urlTemplate\":\"https:\/\/viptruck.de\/?s={search_term_string}\"},\"query-input\":\"required name=search_term_string\"}],\"inLanguage\":\"en-US\"},{\"@type\":\"Organization\",\"@id\":\"https:\/\/viptruck.de\/#organization\",\"name\":\"VIP Truck GmbH\",\"url\":\"https:\/\/viptruck.de\/\",\"logo\":{\"@type\":\"ImageObject\",\"inLanguage\":\"en-US\",\"@id\":\"https:\/\/viptruck.de\/#\/schema\/logo\/image\/\",\"url\":\"https:\/\/viptruck.de\/wp-content\/uploads\/2020\/02\/VIPTruckGmbH_Logo_500x500px.png\",\"contentUrl\":\"https:\/\/viptruck.de\/wp-content\/uploads\/2020\/02\/VIPTruckGmbH_Logo_500x500px.png\",\"width\":500,\"height\":500,\"caption\":\"VIP Truck GmbH\"},\"image\":{\"@id\":\"https:\/\/viptruck.de\/#\/schema\/logo\/image\/\"}}]}<\/script>\n<!-- \/ Yoast SEO plugin. -->","yoast_head_json":{"title":"Impressum - VIP Truck: Internationale Spedition","description":"Finden Sie im Impressum Informationen zur internationalen Spedition 'VIP Truck' mit Firmensitz am Flughafen FRA in Deutschland, Frankfurt am Main.","robots":{"index":"index","follow":"follow","max-snippet":"max-snippet:-1","max-image-preview":"max-image-preview:large","max-video-preview":"max-video-preview:-1"},"canonical":"https:\/\/viptruck.de\/en\/impressum\/","og_locale":"en_US","og_type":"article","og_title":"Impressum - VIP Truck: Internationale Spedition","og_description":"Finden Sie im Impressum Informationen zur internationalen Spedition 'VIP Truck' mit Firmensitz am Flughafen FRA in Deutschland, Frankfurt am Main.","og_url":"https:\/\/viptruck.de\/en\/impressum\/","og_site_name":"VIP Truck: Internationale Spedition","article_modified_time":"2023-08-17T18:55:31+00:00","twitter_card":"summary_large_image","twitter_misc":{"Est. reading time":"1 minute"},"schema":{"@context":"https:\/\/schema.org","@graph":[{"@type":"WebPage","@id":"https:\/\/viptruck.de\/impressum\/","url":"https:\/\/viptruck.de\/impressum\/","name":"Impressum - VIP Truck: Internationale Spedition","isPartOf":{"@id":"https:\/\/viptruck.de\/#website"},"datePublished":"2020-04-20T20:22:00+00:00","dateModified":"2023-08-17T18:55:31+00:00","description":"Finden Sie im Impressum Informationen zur internationalen Spedition 'VIP Truck' mit Firmensitz am Flughafen FRA in Deutschland, Frankfurt am Main.","breadcrumb":{"@id":"https:\/\/viptruck.de\/impressum\/#breadcrumb"},"inLanguage":"en-US","potentialAction":[{"@type":"ReadAction","target":["https:\/\/viptruck.de\/impressum\/"]}]},{"@type":"BreadcrumbList","@id":"https:\/\/viptruck.de\/impressum\/#breadcrumb","itemListElement":[{"@type":"ListItem","position":1,"name":"Startseite","item":"https:\/\/viptruck.de\/"},{"@type":"ListItem","position":2,"name":"Impressum"}]},{"@type":"WebSite","@id":"https:\/\/viptruck.de\/#website","url":"https:\/\/viptruck.de\/","name":"VIP Truck: Internationale Spedition","description":"Internationale Spedition","publisher":{"@id":"https:\/\/viptruck.de\/#organization"},"potentialAction":[{"@type":"SearchAction","target":{"@type":"EntryPoint","urlTemplate":"https:\/\/viptruck.de\/?s={search_term_string}"},"query-input":"required name=search_term_string"}],"inLanguage":"en-US"},{"@type":"Organization","@id":"https:\/\/viptruck.de\/#organization","name":"VIP Truck GmbH","url":"https:\/\/viptruck.de\/","logo":{"@type":"ImageObject","inLanguage":"en-US","@id":"https:\/\/viptruck.de\/#\/schema\/logo\/image\/","url":"https:\/\/viptruck.de\/wp-content\/uploads\/2020\/02\/VIPTruckGmbH_Logo_500x500px.png","contentUrl":"https:\/\/viptruck.de\/wp-content\/uploads\/2020\/02\/VIPTruckGmbH_Logo_500x500px.png","width":500,"height":500,"caption":"VIP Truck GmbH"},"image":{"@id":"https:\/\/viptruck.de\/#\/schema\/logo\/image\/"}}]}},"_links":{"self":[{"href":"https:\/\/viptruck.de\/en\/wp-json\/wp\/v2\/pages\/554"}],"collection":[{"href":"https:\/\/viptruck.de\/en\/wp-json\/wp\/v2\/pages"}],"about":[{"href":"https:\/\/viptruck.de\/en\/wp-json\/wp\/v2\/types\/page"}],"author":[{"embeddable":true,"href":"https:\/\/viptruck.de\/en\/wp-json\/wp\/v2\/users\/2"}],"replies":[{"embeddable":true,"href":"https:\/\/viptruck.de\/en\/wp-json\/wp\/v2\/comments?post=554"}],"version-history":[{"count":8,"href":"https:\/\/viptruck.de\/en\/wp-json\/wp\/v2\/pages\/554\/revisions"}],"predecessor-version":[{"id":2471,"href":"https:\/\/viptruck.de\/en\/wp-json\/wp\/v2\/pages\/554\/revisions\/2471"}],"wp:attachment":[{"href":"https:\/\/viptruck.de\/en\/wp-json\/wp\/v2\/media?parent=554"}],"curies":[{"name":"wp","href":"https:\/\/api.w.org\/{rel}","templated":true}]}}